{"id":1109,"date":"2025-10-19T20:11:13","date_gmt":"2025-10-19T23:11:13","guid":{"rendered":"https:\/\/cortexdigital.com.ar\/web\/?page_id=1109"},"modified":"2025-10-19T20:12:20","modified_gmt":"2025-10-19T23:12:20","slug":"colaboradores","status":"publish","type":"page","link":"https:\/\/cortexdigital.com.ar\/web\/colaboradores\/","title":{"rendered":"Colaboradores"},"content":{"rendered":"\n<div class=\"wp-block-stackable-columns alignwide stk-block-columns stk-block stk-f5554c3 stk-block-background stk--has-background-overlay\" data-block-id=\"f5554c3\"><style>.stk-f5554c3 {background-color:#3c2204 !important;background-image:url(https:\/\/cortexdigital.com.ar\/web\/wp-content\/uploads\/2025\/10\/almas-salakhov-yxb9LaTPKww-unsplash-scaled.jpg) !important;background-position:center center !important;background-repeat:no-repeat !important;background-size:cover !important;border-top-left-radius:25px !important;border-top-right-radius:25px !important;border-bottom-right-radius:25px !important;border-bottom-left-radius:25px !important;overflow:hidden !important;padding-top:180px !important;padding-right:80px !important;padding-bottom:60px !important;padding-left:80px !important;margin-bottom:0px !important;}.stk-f5554c3:before{background-color:#3c2204 !important;opacity:0.3 !important;}@media screen and (max-width:689px){.stk-f5554c3 {padding-top:100px !important;padding-right:25px !important;padding-left:25px !important;}}<\/style><div class=\"stk-row stk-inner-blocks has-text-align-center-mobile stk-block-content stk-content-align stk-f5554c3-column alignwide\">\n<div class=\"wp-block-stackable-column stk-block-column stk-column stk-block stk-3f739b8\" data-v=\"4\" data-block-id=\"3f739b8\"><style>.stk-3f739b8-container{margin-top:0px !important;margin-right:0px !important;margin-bottom:0px !important;margin-left:0px !important;}<\/style><div class=\"stk-column-wrapper stk-block-column__content stk-container stk-3f739b8-container stk--no-background stk--no-padding\"><div class=\"stk-block-content stk-inner-blocks stk-3f739b8-inner-blocks\">\n\n\n<div class=\"wp-block-stackable-heading stk-block-heading stk-block-heading--v2 stk-block stk-99f93f5\" id=\"hablemos-de-br-tu-gran-proyecto\" data-block-id=\"99f93f5\"><style>.stk-99f93f5 {max-width:45% !important;min-width:auto !important;margin-bottom:50px !important;}.stk-99f93f5 .stk-block-heading__text{font-size:60px !important;color:var(u002du002dtheme-palette-color-8, #ffffff) !important;line-height:1.1em !important;}@media screen and (max-width:999px){.stk-99f93f5 {max-width:100% !important;min-width:auto !important;}.stk-99f93f5 .stk-block-heading__text{font-size:40px !important;}}@media screen and (max-width:689px){.stk-99f93f5 {margin-bottom:35px !important;}.stk-99f93f5 .stk-block-heading__text{font-size:30px !important;}}<\/style><h2 class=\"stk-block-heading__text has-text-color has-palette-color-8-color\">Hablemos de<br>tu gran proyecto<\/h2><\/div>\n\n\n\n<div class=\"wp-block-stackable-columns stk-block-columns stk-block stk-b536dc7 stk-block-background\" data-block-id=\"b536dc7\"><style>.stk-b536dc7 {background-color:#00000073 !important;border-top-left-radius:25px !important;border-top-right-radius:25px !important;border-bottom-right-radius:25px !important;border-bottom-left-radius:25px !important;overflow:hidden !important;padding-top:60px !important;padding-right:35px !important;padding-bottom:60px !important;padding-left:35px !important;margin-bottom:0px !important;}.stk-b536dc7:before{background-color:#00000073 !important;}.stk-b536dc7-column{--stk-column-gap:35px !important;row-gap:35px !important;}@media screen and (max-width:689px){.stk-b536dc7 {padding-top:40px !important;padding-right:25px !important;padding-bottom:40px !important;padding-left:25px !important;}}<\/style><div class=\"stk-row stk-inner-blocks stk-block-content stk-content-align stk-b536dc7-column\">\n<div class=\"wp-block-stackable-column stk-block-column stk-column stk-block stk-c8c7b3b\" data-v=\"4\" data-block-id=\"c8c7b3b\"><style>.stk-c8c7b3b-container{margin-top:0px !important;margin-right:0px !important;margin-bottom:0px !important;margin-left:0px !important;}<\/style><div class=\"stk-column-wrapper stk-block-column__content stk-container stk-c8c7b3b-container stk--no-background stk--no-padding\"><div class=\"has-text-align-center stk-block-content stk-inner-blocks stk-c8c7b3b-inner-blocks\">\n<div class=\"wp-block-stackable-image stk-block-image stk-block stk-ce21989\" data-block-id=\"ce21989\"><style>.stk-ce21989 {margin-bottom:16px !important;}.stk-ce21989 .stk-img-wrapper{width:40px !important;}<\/style><figure><span class=\"stk-img-wrapper stk-image--shape-stretch\"><img decoding=\"async\" class=\"stk-img wp-image-1045\" src=\"https:\/\/cortexdigital.com.ar\/web\/wp-content\/uploads\/2025\/10\/mapa.png\" width=\"64\" height=\"64\"\/><\/span><\/figure><\/div>\n\n\n\n<div class=\"wp-block-stackable-heading stk-block-heading stk-block-heading--v2 stk-block stk-b33f874\" id=\"direccion-fisica\" data-block-id=\"b33f874\"><style>.stk-b33f874 {margin-bottom:16px !important;}.stk-b33f874 .stk-block-heading__text{font-size:20px !important;color:var(u002du002dtheme-palette-color-8, #ffffff) !important;}@media screen and (max-width:999px){.stk-b33f874 .stk-block-heading__text{font-size:20px !important;}}<\/style><h5 class=\"stk-block-heading__text has-text-color has-palette-color-8-color\">Direcci\u00f3n f\u00edsica<\/h5><\/div>\n\n\n\n<div class=\"wp-block-stackable-text stk-block-text stk-block stk-9fd81be\" data-block-id=\"9fd81be\"><style>.stk-9fd81be .stk-block-text__text{font-size:16px !important;color:var(u002du002dtheme-palette-color-8, #ffffff) !important;}@media screen and (max-width:999px){.stk-9fd81be .stk-block-text__text{font-size:16px !important;}}<\/style><p class=\"stk-block-text__text has-text-color has-palette-color-8-color\"><a href=\"https:\/\/maps.app.goo.gl\/Tn3pfLWVT2FEVWn78\" data-type=\"link\" data-id=\"https:\/\/maps.app.goo.gl\/Tn3pfLWVT2FEVWn78\" target=\"_blank\" rel=\"noreferrer noopener\">Rosario, Santa Fe &#8211; (Arg.)<\/a><\/p><\/div>\n<\/div><\/div><\/div>\n\n\n\n<div class=\"wp-block-stackable-column stk-block-column stk-column stk-block stk-cdfd108\" data-v=\"4\" data-block-id=\"cdfd108\"><style>.stk-cdfd108-container{margin-top:0px !important;margin-right:0px !important;margin-bottom:0px !important;margin-left:0px !important;}<\/style><div class=\"stk-column-wrapper stk-block-column__content stk-container stk-cdfd108-container stk--no-background stk--no-padding\"><div class=\"has-text-align-center stk-block-content stk-inner-blocks stk-cdfd108-inner-blocks\">\n<div class=\"wp-block-stackable-image stk-block-image stk-block stk-7d66949\" data-block-id=\"7d66949\"><style>.stk-7d66949 {margin-bottom:16px !important;}.stk-7d66949 .stk-img-wrapper{width:40px !important;}<\/style><figure><span class=\"stk-img-wrapper stk-image--shape-stretch\"><img decoding=\"async\" class=\"stk-img wp-image-1046\" src=\"https:\/\/cortexdigital.com.ar\/web\/wp-content\/uploads\/2025\/10\/correo-electronico.png\" width=\"64\" height=\"64\"\/><\/span><\/figure><\/div>\n\n\n\n<div class=\"wp-block-stackable-heading stk-block-heading stk-block-heading--v2 stk-block stk-65e6609\" id=\"direccion-de-correo-electronico\" data-block-id=\"65e6609\"><style>.stk-65e6609 {margin-bottom:16px !important;}.stk-65e6609 .stk-block-heading__text{font-size:20px !important;color:var(u002du002dtheme-palette-color-8, #ffffff) !important;}@media screen and (max-width:999px){.stk-65e6609 .stk-block-heading__text{font-size:20px !important;}}<\/style><h5 class=\"stk-block-heading__text has-text-color has-palette-color-8-color\">Direcci\u00f3n de correo electr\u00f3nico<\/h5><\/div>\n\n\n\n<div class=\"wp-block-stackable-text stk-block-text stk-block stk-dc2c22f\" data-block-id=\"dc2c22f\"><style>.stk-dc2c22f .stk-block-text__text{font-size:16px !important;color:var(u002du002dtheme-palette-color-8, #ffffff) !important;}@media screen and (max-width:999px){.stk-dc2c22f .stk-block-text__text{font-size:16px !important;}}<\/style><p class=\"stk-block-text__text has-text-color has-palette-color-8-color\"><a href=\"mailto:info@cortexdigital.com.ar\">info@cortexdigital.com.ar<\/a><\/p><\/div>\n<\/div><\/div><\/div>\n\n\n\n<div class=\"wp-block-stackable-column stk-block-column stk-column stk-block stk-9646b4d\" data-v=\"4\" data-block-id=\"9646b4d\"><style>.stk-9646b4d-container{margin-top:0px !important;margin-right:0px !important;margin-bottom:0px !important;margin-left:0px !important;}<\/style><div class=\"stk-column-wrapper stk-block-column__content stk-container stk-9646b4d-container stk--no-background stk--no-padding\"><div class=\"has-text-align-center stk-block-content stk-inner-blocks stk-9646b4d-inner-blocks\">\n<div class=\"wp-block-stackable-image stk-block-image stk-block stk-1ed4f0e\" data-block-id=\"1ed4f0e\"><style>.stk-1ed4f0e {margin-bottom:16px !important;}.stk-1ed4f0e .stk-img-wrapper{width:40px !important;}<\/style><figure><span class=\"stk-img-wrapper stk-image--shape-stretch\"><img decoding=\"async\" class=\"stk-img wp-image-1047\" src=\"https:\/\/cortexdigital.com.ar\/web\/wp-content\/uploads\/2025\/10\/whatsapp.png\" width=\"64\" height=\"64\"\/><\/span><\/figure><\/div>\n\n\n\n<div class=\"wp-block-stackable-heading stk-block-heading stk-block-heading--v2 stk-block stk-43b0b49\" id=\"numeros-de-telefono\" data-block-id=\"43b0b49\"><style>.stk-43b0b49 {margin-bottom:16px !important;}.stk-43b0b49 .stk-block-heading__text{font-size:20px !important;color:var(u002du002dtheme-palette-color-8, #ffffff) !important;}@media screen and (max-width:999px){.stk-43b0b49 .stk-block-heading__text{font-size:20px !important;}}<\/style><h5 class=\"stk-block-heading__text has-text-color has-palette-color-8-color\">N\u00fameros de tel\u00e9fono<\/h5><\/div>\n\n\n\n<div class=\"wp-block-stackable-text stk-block-text stk-block stk-3d09c82\" data-block-id=\"3d09c82\"><style>.stk-3d09c82 .stk-block-text__text{font-size:16px !important;color:var(u002du002dtheme-palette-color-8, #ffffff) !important;}@media screen and (max-width:999px){.stk-3d09c82 .stk-block-text__text{font-size:16px !important;}}<\/style><p class=\"stk-block-text__text has-text-color has-palette-color-8-color\"><a href=\"https:\/\/api.whatsapp.com\/send?phone=5493412013655&amp;text=Hola,%20quisiera%20informaci\u00f3n%20premium.%0AMe%20contacto%20desde%20la%20secci\u00f3n%20de%20contacto.\" data-type=\"link\" data-id=\"https:\/\/api.whatsapp.com\/send?phone=5493412013655&amp;text=Hola,%20quisiera%20informaci\u00f3n%20premium.%0AMe%20contacto%20desde%20la%20secci\u00f3n%20de%20contacto.\" target=\"_blank\" rel=\"noreferrer noopener\">(341) 201-3655<\/a><\/p><\/div>\n<\/div><\/div><\/div>\n<\/div><\/div>\n<\/div><\/div><\/div>\n<\/div><\/div>\n\n\n\n<div class=\"wp-block-stackable-spacer stk-block-spacer stk--no-padding stk-block stk-6a8268d\" data-block-id=\"6a8268d\"><style>.stk-6a8268d {height:130px !important;}@media screen and (max-width:999px){.stk-6a8268d {height:70px !important;}}<\/style><\/div>\n\n\n\n<div class=\"wp-block-stackable-text stk-block-text stk-block stk-77d462d\" data-block-id=\"77d462d\"><style>.stk-77d462d {margin-bottom:16px !important;}.stk-77d462d .stk-block-text__text{color:var(u002du002dtheme-palette-color-4, #000000) !important;font-weight:600 !important;text-transform:uppercase !important;}<\/style><p class=\"stk-block-text__text has-text-color has-palette-color-4-color has-text-align-center\">Buscamos profesionales apasionados y con visi\u00f3n para sumarse a nuestra red de colaboradores externos<\/p><\/div>\n\n\n\n<div class=\"wp-block-stackable-heading stk-block-heading stk-block-heading--v2 stk-block stk-02dc96b\" id=\"strong-te-gustaria-colaborar-en-proyectos-strong\" data-block-id=\"02dc96b\"><style>.stk-02dc96b {margin-bottom:8px !important;}@media screen and (max-width:999px){.stk-02dc96b .stk-block-heading__text{font-size:30px !important;}}@media screen and (max-width:689px){.stk-02dc96b .stk-block-heading__text{font-size:25px !important;}}<\/style><h2 class=\"stk-block-heading__text has-text-align-center\"><strong>\u00bfTe gustaria colaborar en proyectos?<\/strong><\/h2><\/div>\n\n\n\n<div class=\"wp-block-stackable-text stk-block-text stk-block stk-d6d22e0\" data-block-id=\"d6d22e0\"><style>.stk-d6d22e0 {max-width:700px !important;min-width:auto !important;margin-right:auto !important;margin-bottom:60px !important;margin-left:auto !important;}@media screen and (max-width:689px){.stk-d6d22e0 {margin-bottom:24px !important;}}<\/style><p class=\"stk-block-text__text has-text-align-center\">Tu perfil formar\u00e1 parte de una bolsa de contactos estrat\u00e9gica que activamos cuando se presentan oportunidades que demandan equipos multidisciplinarios y de alto rendimiento. Esta es tu v\u00eda para ser considerado para colaboraciones futuras en iniciativas.<\/p><\/div>\n\n\n\n<div class=\"wp-block-stackable-columns stk-block-columns stk-block stk-971085f\" data-block-id=\"971085f\"><style>.stk-971085f {padding-top:0px !important;padding-right:0px !important;padding-bottom:0px !important;padding-left:0px !important;margin-bottom:0px !important;}.stk-971085f-column{--stk-column-gap:35px !important;row-gap:35px !important;}<\/style><div class=\"stk-row stk-inner-blocks stk-block-content stk-content-align stk-971085f-column\">\n<div class=\"wp-block-stackable-column stk-block-column stk-column stk-block stk-395ca3e\" data-v=\"4\" data-block-id=\"395ca3e\"><style>.stk-395ca3e-container{margin-top:0px !important;margin-right:0px !important;margin-bottom:0px !important;margin-left:0px !important;}.stk-395ca3e-inner-blocks{align-items:center !important;}@media screen and (min-width:690px){.stk-395ca3e {flex:var(--stk-flex-grow, 1) 1 calc(50% - var(--stk-column-gap, 0px) * 1 \/ 2 ) !important;}}<\/style><div class=\"stk-column-wrapper stk-block-column__content stk-container stk-395ca3e-container stk--no-background stk--no-padding\"><div class=\"stk--column-flex stk-block-content stk-inner-blocks stk-395ca3e-inner-blocks\">\n<figure class=\"wp-block-image size-full img-logo-dark\"><img decoding=\"async\" width=\"500\" height=\"500\" src=\"https:\/\/cortexdigital.com.ar\/web\/wp-content\/uploads\/2025\/09\/logoDark.png\" alt=\"\" class=\"wp-image-66\" srcset=\"https:\/\/cortexdigital.com.ar\/web\/wp-content\/uploads\/2025\/09\/logoDark.png 500w, https:\/\/cortexdigital.com.ar\/web\/wp-content\/uploads\/2025\/09\/logoDark-300x300.png 300w, https:\/\/cortexdigital.com.ar\/web\/wp-content\/uploads\/2025\/09\/logoDark-150x150.png 150w, https:\/\/cortexdigital.com.ar\/web\/wp-content\/uploads\/2025\/09\/logoDark-100x100.png 100w\" sizes=\"(max-width: 500px) 100vw, 500px\" \/><\/figure>\n<\/div><\/div><\/div>\n\n\n\n<div class=\"wp-block-stackable-column stk-block-column stk-column stk-block stk-f3a4e91\" data-v=\"4\" data-block-id=\"f3a4e91\"><style>.stk-f3a4e91-container{margin-top:0px !important;margin-right:0px !important;margin-bottom:0px !important;margin-left:0px !important;}.stk-f3a4e91 {padding-left:30px !important;}@media screen and (min-width:690px){.stk-f3a4e91 {flex:var(--stk-flex-grow, 1) 1 calc(50% - var(--stk-column-gap, 0px) * 1 \/ 2 ) !important;}}@media screen and (max-width:689px){.stk-f3a4e91 {padding-left:0px !important;}}<\/style><div class=\"stk-column-wrapper stk-block-column__content stk-container stk-f3a4e91-container stk--no-background stk--no-padding\"><div class=\"stk-block-content stk-inner-blocks stk-f3a4e91-inner-blocks\">\n<div class=\"wpcf7 no-js\" id=\"wpcf7-f1108-o1\" lang=\"es-ES\" dir=\"ltr\" data-wpcf7-id=\"1108\">\n<div class=\"screen-reader-response\"><p role=\"status\" aria-live=\"polite\" aria-atomic=\"true\"><\/p> <ul><\/ul><\/div>\n<form action=\"\/web\/wp-json\/wp\/v2\/pages\/1109#wpcf7-f1108-o1\" method=\"post\" class=\"wpcf7-form init\" aria-label=\"Formulario de contacto\" enctype=\"multipart\/form-data\" novalidate=\"novalidate\" data-status=\"init\">\n<fieldset class=\"hidden-fields-container\"><input type=\"hidden\" name=\"_wpcf7\" value=\"1108\" \/><input type=\"hidden\" name=\"_wpcf7_version\" value=\"6.1.5\" \/><input type=\"hidden\" name=\"_wpcf7_locale\" value=\"es_ES\" \/><input type=\"hidden\" name=\"_wpcf7_unit_tag\" value=\"wpcf7-f1108-o1\" \/><input type=\"hidden\" name=\"_wpcf7_container_post\" value=\"0\" \/><input type=\"hidden\" name=\"_wpcf7_posted_data_hash\" value=\"\" \/>\n<\/fieldset>\n<p><label>\ud83d\udc64 Nombre completo *<br \/>\n<span class=\"wpcf7-form-control-wrap\" data-name=\"your-name\"><input size=\"40\" maxlength=\"400\" class=\"wpcf7-form-control wpcf7-text wpcf7-validates-as-required\" aria-required=\"true\" aria-invalid=\"false\" placeholder=\"Ejemplo: Sim\u00f3n Acosta\" value=\"\" type=\"text\" name=\"your-name\" \/><\/span><br \/>\n<\/label>\n<\/p>\n<p><label>\ud83d\udce7 Correo electr\u00f3nico *<br \/>\n<span class=\"wpcf7-form-control-wrap\" data-name=\"your-email\"><input size=\"40\" maxlength=\"400\" class=\"wpcf7-form-control wpcf7-email wpcf7-validates-as-required wpcf7-text wpcf7-validates-as-email\" aria-required=\"true\" aria-invalid=\"false\" placeholder=\"Ejemplo: simon@cortexdigital.com.ar\" value=\"\" type=\"email\" name=\"your-email\" \/><\/span><br \/>\n<\/label>\n<\/p>\n<p><label>\ud83d\udcde Tel\u00e9fono de contacto<br \/>\n<span class=\"wpcf7-form-control-wrap\" data-name=\"your-phone\"><input size=\"40\" maxlength=\"400\" class=\"wpcf7-form-control wpcf7-tel wpcf7-text wpcf7-validates-as-tel\" aria-invalid=\"false\" placeholder=\"+54 9 341 000 0000\" value=\"\" type=\"tel\" name=\"your-phone\" \/><\/span><br \/>\n<\/label>\n<\/p>\n<p><label>\ud83d\udcbc \u00c1rea o especialidad principal *<br \/>\n<span class=\"wpcf7-form-control-wrap\" data-name=\"your-specialty\"><select class=\"wpcf7-form-control wpcf7-select wpcf7-validates-as-required\" aria-required=\"true\" aria-invalid=\"false\" name=\"your-specialty\"><option value=\"\">&#8212;Por favor, elige una opci\u00f3n&#8212;<\/option><option value=\"Desarrollo Web \/ Full Stack\">Desarrollo Web \/ Full Stack<\/option><option value=\"Dise\u00f1o UX\/UI\">Dise\u00f1o UX\/UI<\/option><option value=\"Marketing Digital\">Marketing Digital<\/option><option value=\"Redacci\u00f3n \/ UX Writing\">Redacci\u00f3n \/ UX Writing<\/option><option value=\"Gesti\u00f3n de Proyectos\">Gesti\u00f3n de Proyectos<\/option><option value=\"Soporte T\u00e9cnico\">Soporte T\u00e9cnico<\/option><option value=\"Otro\">Otro<\/option><\/select><\/span><br \/>\n<\/label>\n<\/p>\n<p><label>\ud83d\udcc2 Adjunta tu CV *<br \/>\n<span class=\"wpcf7-form-control-wrap\" data-name=\"your-cv\"><input size=\"40\" class=\"wpcf7-form-control wpcf7-file wpcf7-validates-as-required\" accept=\".pdf,.doc,.docx\" aria-required=\"true\" aria-invalid=\"false\" type=\"file\" name=\"your-cv\" \/><\/span><br \/>\n<\/label>\n<\/p>\n<p><label>\ud83d\udcac Mensaje o presentaci\u00f3n (opcional)<br \/>\n<span class=\"wpcf7-form-control-wrap\" data-name=\"your-message\"><textarea cols=\"40\" rows=\"10\" maxlength=\"2000\" class=\"wpcf7-form-control wpcf7-textarea\" aria-invalid=\"false\" placeholder=\"Contanos brevemente tu experiencia o disponibilidad...\" name=\"your-message\"><\/textarea><\/span><br \/>\n<\/label>\n<\/p>\n<p><input class=\"wpcf7-form-control wpcf7-submit has-spinner\" type=\"submit\" value=\"\ud83d\udce8 Enviar CV\" \/>\n<\/p><div class=\"wpcf7-response-output\" aria-hidden=\"true\"><\/div>\n<\/form>\n<\/div>\n\n<\/div><\/div><\/div>\n<\/div><\/div>\n\n\n\n<div class=\"wp-block-stackable-spacer stk-block-spacer stk--no-padding stk-block stk-2466b00\" data-block-id=\"2466b00\"><style>.stk-2466b00 {height:130px !important;}@media screen and (max-width:999px){.stk-2466b00 {height:70px !important;}}<\/style><\/div>\n","protected":false},"excerpt":{"rendered":"<p>Hablemos detu gran proyecto Direcci\u00f3n f\u00edsica Rosario, Santa Fe &#8211; (Arg.) Direcci\u00f3n de correo electr\u00f3nico info@cortexdigital.com.ar N\u00fameros de tel\u00e9fono (341) 201-3655 Buscamos profesionales apasionados y con visi\u00f3n para sumarse a nuestra red de colaboradores externos \u00bfTe gustaria colaborar en proyectos? Tu perfil formar\u00e1 parte de una bolsa de contactos estrat\u00e9gica que activamos cuando se presentan [&hellip;]<\/p>\n","protected":false},"author":1,"featured_media":0,"parent":0,"menu_order":0,"comment_status":"closed","ping_status":"closed","template":"","meta":{"_gspb_post_css":"","footnotes":""},"class_list":["post-1109","page","type-page","status-publish","hentry"],"blocksy_meta":{"styles_descriptor":{"styles":{"desktop":"","tablet":"","mobile":""},"google_fonts":[],"version":6},"page_title_panel":"","has_hero_section":"disabled","839a7d51b0bfd88a1903c1a9924cd5bf":"","hero_section":"type-1","hero_elements":[{"id":"custom_title","enabled":true,"heading_tag":"h1","title":"Home"},{"id":"custom_description","enabled":true,"description_visibility":{"desktop":true,"tablet":true,"mobile":false}},{"id":"custom_meta","enabled":false,"meta_elements":[{"id":"author","enabled":true,"label":"By","has_author_avatar":"yes","avatar_size":25},{"id":"post_date","enabled":true,"label":"On","date_format_source":"default","date_format":"M j, Y"},{"id":"updated_date","enabled":false,"label":"On","date_format_source":"default","date_format":"M j, Y"},{"id":"categories","enabled":false,"label":"In","style":"simple"},{"id":"comments","enabled":true}],"page_meta_elements":{"joined":true,"articles_count":true,"comments":true}},{"id":"breadcrumbs","enabled":false}],"9ce6b35c2b690dfb222669425cda6cf3":"","hero_alignment1":"CT_CSS_SKIP_RULE","hero_margin":40,"hero_alignment2":"center","hero_vertical_alignment":"center","2444c5d730e231f971268a93b5085f39":"","hero_structure":"narrow","e40a36985f7c43dae473ef23c34538c6":"","page_title_bg_type":"featured_image","custom_hero_background":{"attachment_id":null},"parallax":{"desktop":false,"tablet":false,"mobile":false},"0ff2609f549f607358743587ec10b4b6":"","hero_height":"250px","pageTitleFont":{"family":"Default","variation":"Default","size":"30px","line-height":"CT_CSS_SKIP_RULE","letter-spacing":"CT_CSS_SKIP_RULE","text-transform":"CT_CSS_SKIP_RULE","text-decoration":"CT_CSS_SKIP_RULE"},"pageTitleFontColor":{"default":{"color":"CT_CSS_SKIP_RULEDEFAULT"}},"pageMetaFont":{"family":"Default","variation":"n6","size":"12px","line-height":"1.3","letter-spacing":"CT_CSS_SKIP_RULE","text-transform":"uppercase","text-decoration":"CT_CSS_SKIP_RULE"},"pageMetaFontColor":{"default":{"color":"CT_CSS_SKIP_RULEDEFAULT"},"hover":{"color":"CT_CSS_SKIP_RULEDEFAULT"}},"page_meta_button_type_font_colors":{"default":{"color":"CT_CSS_SKIP_RULEDEFAULT"},"hover":{"color":"CT_CSS_SKIP_RULEDEFAULT"}},"page_meta_button_type_background_colors":{"default":{"color":"CT_CSS_SKIP_RULEDEFAULT"},"hover":{"color":"CT_CSS_SKIP_RULEDEFAULT"}},"pageExcerptFont":{"family":"Default","variation":"Default","size":"CT_CSS_SKIP_RULE","line-height":"CT_CSS_SKIP_RULE","letter-spacing":"CT_CSS_SKIP_RULE","text-transform":"CT_CSS_SKIP_RULE","text-decoration":"CT_CSS_SKIP_RULE"},"pageExcerptColor":{"default":{"color":"CT_CSS_SKIP_RULEDEFAULT"}},"breadcrumbsFont":{"family":"Default","variation":"Default","size":"CT_CSS_SKIP_RULE","line-height":"CT_CSS_SKIP_RULE","letter-spacing":"CT_CSS_SKIP_RULE","text-transform":"CT_CSS_SKIP_RULE","text-decoration":"CT_CSS_SKIP_RULE"},"breadcrumbsFontColor":{"default":{"color":"CT_CSS_SKIP_RULEDEFAULT"},"initial":{"color":"CT_CSS_SKIP_RULEDEFAULT"},"hover":{"color":"CT_CSS_SKIP_RULEDEFAULT"}},"pageTitleOverlay":{"background_type":"color","background_pattern":"type-1","background_image":{"attachment_id":null,"x":0,"y":0},"gradient":"linear-gradient(135deg,rgba(6,147,227,1) 0%,rgb(155,81,224) 100%)","background_repeat":"repeat","background_size":"auto","background_attachment":"scroll","patternColor":{"default":{"color":"#e5e7ea"}},"overlayColor":{"default":{"color":"CT_CSS_SKIP_RULE"}},"backgroundColor":{"default":{"color":"CT_CSS_SKIP_RULE"}}},"pageTitleBackground":{"background_type":"color","background_pattern":"type-1","background_image":{"attachment_id":null,"x":0,"y":0},"gradient":"linear-gradient(135deg,rgba(6,147,227,1) 0%,rgb(155,81,224) 100%)","background_repeat":"repeat","background_size":"auto","background_attachment":"scroll","patternColor":{"default":{"color":"#e5e7ea"}},"overlayColor":{"default":{"color":"CT_CSS_SKIP_RULE"}},"backgroundColor":{"default":{"color":"var(--theme-palette-color-6)"}}},"pageTitlePadding":{"top":"50px","bottom":"50px","left":"auto","right":"auto","linked":true},"4a65ecdfab8a002d7a371af001a0a932":"","page_structure_type":"default","1d421f8915b07a1791185dd1ccf92dae":"","content_style_source":"inherit","content_style":"wide","vertical_spacing_source":"custom","content_area_spacing":"none","background":{"background_type":"color","background_pattern":"type-1","background_image":{"attachment_id":null,"x":0,"y":0},"gradient":"linear-gradient(135deg,rgba(6,147,227,1) 0%,rgb(155,81,224) 100%)","background_repeat":"repeat","background_size":"auto","background_attachment":"scroll","patternColor":{"default":{"color":"#e5e7ea"}},"overlayColor":{"default":{"color":"CT_CSS_SKIP_RULE"}},"backgroundColor":{"default":{"color":"CT_CSS_SKIP_RULE"}}},"content_background":{"background_type":"color","background_pattern":"type-1","background_image":{"attachment_id":null,"x":0,"y":0},"gradient":"linear-gradient(135deg,rgba(6,147,227,1) 0%,rgb(155,81,224) 100%)","background_repeat":"repeat","background_size":"auto","background_attachment":"scroll","patternColor":{"default":{"color":"#e5e7ea"}},"overlayColor":{"default":{"color":"CT_CSS_SKIP_RULE"}},"backgroundColor":{"default":{"color":"var(--theme-palette-color-8)"}}},"content_boxed_shadow":{"inherit":false,"blur":18,"spread":-6,"v_offset":12,"h_offset":0,"inset":false,"enable":true,"color":{"color":"rgba(34, 56, 101, 0.04)"}},"boxed_content_spacing":{"desktop":{"top":"40px","bottom":"40px","left":"40px","right":"40px","linked":true},"tablet":{"top":"35px","bottom":"35px","left":"35px","right":"35px","linked":true},"mobile":{"top":"20px","bottom":"20px","left":"20px","right":"20px","linked":true}},"content_boxed_radius":{"top":"3px","bottom":"3px","left":"3px","right":"3px","linked":true},"bff58046c813f5853af44ba3a835ce9b":"","disable_featured_image":"no","disable_share_box":"no","disable_header":"no","disable_footer":"no"},"jetpack_sharing_enabled":true,"_links":{"self":[{"href":"https:\/\/cortexdigital.com.ar\/web\/wp-json\/wp\/v2\/pages\/1109","targetHints":{"allow":["GET"]}}],"collection":[{"href":"https:\/\/cortexdigital.com.ar\/web\/wp-json\/wp\/v2\/pages"}],"about":[{"href":"https:\/\/cortexdigital.com.ar\/web\/wp-json\/wp\/v2\/types\/page"}],"author":[{"embeddable":true,"href":"https:\/\/cortexdigital.com.ar\/web\/wp-json\/wp\/v2\/users\/1"}],"replies":[{"embeddable":true,"href":"https:\/\/cortexdigital.com.ar\/web\/wp-json\/wp\/v2\/comments?post=1109"}],"version-history":[{"count":4,"href":"https:\/\/cortexdigital.com.ar\/web\/wp-json\/wp\/v2\/pages\/1109\/revisions"}],"predecessor-version":[{"id":1113,"href":"https:\/\/cortexdigital.com.ar\/web\/wp-json\/wp\/v2\/pages\/1109\/revisions\/1113"}],"wp:attachment":[{"href":"https:\/\/cortexdigital.com.ar\/web\/wp-json\/wp\/v2\/media?parent=1109"}],"curies":[{"name":"wp","href":"https:\/\/api.w.org\/{rel}","templated":true}]}}